{"id":1316,"date":"2018-10-25T18:33:59","date_gmt":"2018-10-25T21:33:59","guid":{"rendered":"http:\/\/kims.com.ar\/?page_id=1316"},"modified":"2018-10-29T11:20:41","modified_gmt":"2018-10-29T14:20:41","slug":"quem-somos","status":"publish","type":"page","link":"https:\/\/kims.com.ar\/pt-br\/quem-somos\/","title":{"rendered":"Quem Somos"},"content":{"rendered":"<div class=\"wpb-content-wrapper\"><p>[vc_row default_id=&#8221;themesflat_1525974259&#8243;][vc_column][vc_row_inner][vc_column_inner]<div class=\"title-section   vc_custom_1540503141162 \">\r\n\t\t<h2 class=\"title\" style=\"\r\n\t\t\tfont-size: 36px;\r\n\t\t\tfont-weight: 700;\r\n\t\t\tline-height: 36px;\r\n\t\t\tcolor: #291770;\r\n\t\t\tmargin-bottom: 15px;\r\n\t\t\tletter-spacing: 0px;\r\n\t\t\">\r\n\t\t\tNossa hist\u00f3ria\t\t\t\r\n\t\t<\/h2>\t\r\n\t\t<div class=\"title-line\" style=\"\r\n\t\t\tbackground: #ec008c;\r\n\t\t\"><\/div>\t\t\t\r\n\t\t\r\n\r\n\t<\/div>[\/vc_column_inner][\/vc_row_inner][vc_row_inner][vc_column_inner width=&#8221;1\/2&#8243;][vc_column_text]<strong>EMPRESA:<\/strong><strong>\u00a0<\/strong><\/p>\n<p>Desde 1993, a KIMS \u00e9 uma empresa dedicada \u00e0 pesquisa, desenvolvimento, fabrica\u00e7\u00e3o e comercializa\u00e7\u00e3o de insumos para a esteriliza\u00e7\u00e3o hospitalar e industrial. Nossos produtos incluem embalagens e envolt\u00f3rios para esteriliza\u00e7\u00e3o de produtos m\u00e9dicos, e indicadores quimicos e biol\u00f3gicos para o controle da esteriliza\u00e7\u00e3o.<\/p>\n<p>Temos uma instala\u00e7\u00e3o pr\u00f3pria de mais de 3.500 m<sup>2<\/sup>, com m\u00e1quinas de tecnologia avan\u00e7ada para a fabrica\u00e7\u00e3o dos nossos produtos, um laborat\u00f3rio para a pesquisa e desenvolvimento (P&amp;D) de indicadores qu\u00edmicos, um laborat\u00f3rio de P&amp;D de indicadores biol\u00f3gicos e um terceiro laborat\u00f3rio para controle de qualidade.<\/p>\n<p>Em todos estes anos, a KIMS, com as suas marcas KIMS, ESTER-CONT e YELLOW PACK tem se posicionado como a principal empresa do seu ramo na Argentina e uma das mais importantes do mundo, com presen\u00e7a em mais de 35 pa\u00edses.<\/p>\n<p><strong>PESQUISA E DESENVOLVIMENTO:<\/strong><\/p>\n<p>Desde o in\u00edcio, a KIMS tem se focado na pesquisa e o desenvolvimento de novos produtos. Desta maneira, importantes melhoras foram feitas \u00e0s embalagens e aos indicadores de esteriliza\u00e7\u00e3o, e nossa empresa transformou-se numa das impulsoras no desenvolvimento de novos materiais, em estreita colabora\u00e7\u00e3o com nossos fornecedores e clientes.[\/vc_column_text][\/vc_column_inner][vc_column_inner width=&#8221;1\/2&#8243;][vc_column_text]<strong>VENDAS:<\/strong><\/p>\n<p>O Departamento Comercial tem pessoal capacitado para assistir as diferentes \u00e1reas que recebem nossos servi\u00e7os, e brinda assessoria a nossos clientes, hospitais, cl\u00ednicas e distribuidores e tamb\u00e9m \u00e0 ind\u00fastria de produtos m\u00e9dicos descart\u00e1veis no desenvolvimento das embalagens especiais para esteriliza\u00e7\u00e3o.<\/p>\n<p><strong>QUALIDADE:<\/strong><\/p>\n<p>A KIMS elabora seus produtos com as mais altas normas e padr\u00f5es internacionais de qualidade com o objetivo de satisfazer as necessidades de nossos clientes.<\/p>\n<p>Nossos produtos s\u00e3o fabricados bajo normas internacionais ISO 11140, ISO 11138, ISO 11607, EN868.<\/p>\n<p>Temos certifica\u00e7\u00e3o das normas ISO 9001:2015, ISO 13485:2016, BPM (boas praticas de manufactura), certificado da inscri\u00e7\u00e3o e autoriza\u00e7\u00e3o de funcionamento da empresa e registro de produto da ANMAT-[\/vc_column_text][\/vc_column_inner][\/vc_row_inner][\/vc_column][\/vc_row]<\/p>\n<\/div>","protected":false},"excerpt":{"rendered":"<p>[vc_row default_id=&#8221;themesflat_1525974259&#8243;][vc_column][vc_row_inner][vc_column_inner][\/vc_column_inner][\/vc_row_inner][vc_row_inner][vc_column_inner width=&#8221;1\/2&#8243;][vc_column_text]EMPRESA:\u00a0 Desde 1993, a KIMS \u00e9 uma empresa dedicada \u00e0 pesquisa, desenvolvimento, fabrica\u00e7\u00e3o e comercializa\u00e7\u00e3o de insumos para a esteriliza\u00e7\u00e3o hospitalar e industrial. Nossos produtos incluem embalagens e envolt\u00f3rios para esteriliza\u00e7\u00e3o de produtos m\u00e9dicos, e indicadores quimicos e biol\u00f3gicos para o controle da esteriliza\u00e7\u00e3o. Temos uma instala\u00e7\u00e3o pr\u00f3pria de mais de 3.500 m2, com m\u00e1quinas [&hellip;]<\/p>\n","protected":false},"author":1,"featured_media":0,"parent":0,"menu_order":0,"comment_status":"closed","ping_status":"closed","template":"","meta":{"inline_featured_image":false,"_uag_custom_page_level_css":"","footnotes":""},"class_list":["post-1316","page","type-page","status-publish","hentry"],"uagb_featured_image_src":{"full":false,"thumbnail":false,"medium":false,"medium_large":false,"large":false,"1536x1536":false,"2048x2048":false,"themesflat-recent-news-thumb":false,"themesflat-portfolio-thumb":false,"themesflat-blog-full-width":false,"themesflat-blog":false,"themesflat-blog-grid":false,"themesflat-blog-grid-masonry":false,"themesflat-blog-grid-image-left":false,"themesflat-blog-single":false,"themesflat-blog-listsmall":false,"themesflat-portfolio-listsmall":false,"themesflat-portfolio-grid":false,"themesflat-case-single":false,"themesflat-case-single2":false,"themesflat-case":false,"themesflat-case2":false,"themesflat-case3":false,"themesflat-case4":false,"themesflat-case5":false,"themesflat-testimonial":false,"themesflat-faq":false,"woocommerce_thumbnail":false,"woocommerce_single":false,"woocommerce_gallery_thumbnail":false},"uagb_author_info":{"display_name":"leos","author_link":"https:\/\/kims.com.ar\/pt-br\/author\/leos\/"},"uagb_comment_info":0,"uagb_excerpt":"[vc_row default_id=&#8221;themesflat_1525974259&#8243;][vc_column][vc_row_inner][vc_column_inner][\/vc_column_inner][\/vc_row_inner][vc_row_inner][vc_column_inner width=&#8221;1\/2&#8243;][vc_column_text]EMPRESA:\u00a0 Desde 1993, a KIMS \u00e9 uma empresa dedicada \u00e0 pesquisa, desenvolvimento, fabrica\u00e7\u00e3o e comercializa\u00e7\u00e3o de insumos para a esteriliza\u00e7\u00e3o hospitalar e industrial. Nossos produtos incluem embalagens e envolt\u00f3rios para esteriliza\u00e7\u00e3o de produtos m\u00e9dicos, e indicadores quimicos e biol\u00f3gicos para o controle da esteriliza\u00e7\u00e3o. Temos uma instala\u00e7\u00e3o pr\u00f3pria de mais de 3.500 m2,&hellip;","_links":{"self":[{"href":"https:\/\/kims.com.ar\/pt-br\/wp-json\/wp\/v2\/pages\/1316\/"}],"collection":[{"href":"https:\/\/kims.com.ar\/pt-br\/wp-json\/wp\/v2\/pages\/"}],"about":[{"href":"https:\/\/kims.com.ar\/pt-br\/wp-json\/wp\/v2\/types\/page\/"}],"author":[{"embeddable":true,"href":"https:\/\/kims.com.ar\/pt-br\/wp-json\/wp\/v2\/users\/1\/"}],"replies":[{"embeddable":true,"href":"https:\/\/kims.com.ar\/pt-br\/wp-json\/wp\/v2\/comments\/?post=1316"}],"version-history":[{"count":4,"href":"https:\/\/kims.com.ar\/pt-br\/wp-json\/wp\/v2\/pages\/1316\/revisions\/"}],"predecessor-version":[{"id":1354,"href":"https:\/\/kims.com.ar\/pt-br\/wp-json\/wp\/v2\/pages\/1316\/revisions\/1354\/"}],"wp:attachment":[{"href":"https:\/\/kims.com.ar\/pt-br\/wp-json\/wp\/v2\/media\/?parent=1316"}],"curies":[{"name":"wp","href":"https:\/\/api.w.org\/{rel}","templated":true}]}}