{"id":1341,"date":"2018-10-26T10:44:41","date_gmt":"2018-10-26T13:44:41","guid":{"rendered":"http:\/\/kims.com.ar\/?page_id=1341"},"modified":"2018-10-29T11:12:59","modified_gmt":"2018-10-29T14:12:59","slug":"noticias","status":"publish","type":"page","link":"https:\/\/kims.com.ar\/pt-br\/noticias\/","title":{"rendered":"Noticias"},"content":{"rendered":"<div class=\"wpb-content-wrapper\"><p>[vc_row][vc_column][vc_row_inner][vc_column_inner width=&#8221;1\/2&#8243;][vc_single_image image=&#8221;197&#8243; img_size=&#8221;full&#8221;][\/vc_column_inner][vc_column_inner width=&#8221;1\/2&#8243;]<div class=\"title-section   vc_custom_1540822379137 \">\r\n\t\t<h2 class=\"title\" style=\"\r\n\t\t\tfont-size: 36px;\r\n\t\t\tfont-weight: 700;\r\n\t\t\tline-height: 36px;\r\n\t\t\tcolor: #291770;\r\n\t\t\tmargin-bottom: 15px;\r\n\t\t\tletter-spacing: 0px;\r\n\t\t\">\r\n\t\t\tNoticias\t\t\t\r\n\t\t<\/h2>\t\r\n\t\t<div class=\"title-line\" style=\"\r\n\t\t\tbackground: #ec008c;\r\n\t\t\"><\/div>\t\t\t\r\n\t\t\r\n\r\n\t<\/div>[vc_column_text]Nossa empresa tem um sal\u00e3o de confer\u00eancia para a realiza\u00e7\u00e3o de semin\u00e1rios ditados por profissionais da Argentina e do exterior.<\/p>\n<p>A Kims participa nos mais importantes eventos nacionais e internacionais, por exemplo, MEDICA emAlemanha; HOSPITALAR em Brasil; FIME em EUA; Arab Health em Dubai; Congresso Mundial da WFHSS na Fran\u00e7a, Peru, Vietnam, Congresso Pan-Americano e todos os congressos nacionais de esteriliza\u00e7\u00e3o de FUDESA, ATTAE, CLADEST e Col\u00e9gio dos Farmac\u00eauticos.[\/vc_column_text][\/vc_column_inner][\/vc_row_inner][\/vc_column][\/vc_row]<\/p>\n<\/div>","protected":false},"excerpt":{"rendered":"<p>[vc_row][vc_column][vc_row_inner][vc_column_inner width=&#8221;1\/2&#8243;][vc_single_image image=&#8221;197&#8243; img_size=&#8221;full&#8221;][\/vc_column_inner][vc_column_inner width=&#8221;1\/2&#8243;][vc_column_text]Nossa empresa tem um sal\u00e3o de confer\u00eancia para a realiza\u00e7\u00e3o de semin\u00e1rios ditados por profissionais da Argentina e do exterior. A Kims participa nos mais importantes eventos nacionais e internacionais, por exemplo, MEDICA emAlemanha; HOSPITALAR em Brasil; FIME em EUA; Arab Health em Dubai; Congresso Mundial da WFHSS na Fran\u00e7a, Peru, Vietnam, Congresso [&hellip;]<\/p>\n","protected":false},"author":1,"featured_media":0,"parent":0,"menu_order":0,"comment_status":"closed","ping_status":"closed","template":"","meta":{"inline_featured_image":false,"_uag_custom_page_level_css":"","footnotes":""},"class_list":["post-1341","page","type-page","status-publish","hentry"],"uagb_featured_image_src":{"full":false,"thumbnail":false,"medium":false,"medium_large":false,"large":false,"1536x1536":false,"2048x2048":false,"themesflat-recent-news-thumb":false,"themesflat-portfolio-thumb":false,"themesflat-blog-full-width":false,"themesflat-blog":false,"themesflat-blog-grid":false,"themesflat-blog-grid-masonry":false,"themesflat-blog-grid-image-left":false,"themesflat-blog-single":false,"themesflat-blog-listsmall":false,"themesflat-portfolio-listsmall":false,"themesflat-portfolio-grid":false,"themesflat-case-single":false,"themesflat-case-single2":false,"themesflat-case":false,"themesflat-case2":false,"themesflat-case3":false,"themesflat-case4":false,"themesflat-case5":false,"themesflat-testimonial":false,"themesflat-faq":false,"woocommerce_thumbnail":false,"woocommerce_single":false,"woocommerce_gallery_thumbnail":false},"uagb_author_info":{"display_name":"leos","author_link":"https:\/\/kims.com.ar\/pt-br\/author\/leos\/"},"uagb_comment_info":0,"uagb_excerpt":"[vc_row][vc_column][vc_row_inner][vc_column_inner width=&#8221;1\/2&#8243;][vc_single_image image=&#8221;197&#8243; img_size=&#8221;full&#8221;][\/vc_column_inner][vc_column_inner width=&#8221;1\/2&#8243;][vc_column_text]Nossa empresa tem um sal\u00e3o de confer\u00eancia para a realiza\u00e7\u00e3o de semin\u00e1rios ditados por profissionais da Argentina e do exterior. A Kims participa nos mais importantes eventos nacionais e internacionais, por exemplo, MEDICA emAlemanha; HOSPITALAR em Brasil; FIME em EUA; Arab Health em Dubai; Congresso Mundial da WFHSS na Fran\u00e7a, Peru,&hellip;","_links":{"self":[{"href":"https:\/\/kims.com.ar\/pt-br\/wp-json\/wp\/v2\/pages\/1341\/"}],"collection":[{"href":"https:\/\/kims.com.ar\/pt-br\/wp-json\/wp\/v2\/pages\/"}],"about":[{"href":"https:\/\/kims.com.ar\/pt-br\/wp-json\/wp\/v2\/types\/page\/"}],"author":[{"embeddable":true,"href":"https:\/\/kims.com.ar\/pt-br\/wp-json\/wp\/v2\/users\/1\/"}],"replies":[{"embeddable":true,"href":"https:\/\/kims.com.ar\/pt-br\/wp-json\/wp\/v2\/comments\/?post=1341"}],"version-history":[{"count":3,"href":"https:\/\/kims.com.ar\/pt-br\/wp-json\/wp\/v2\/pages\/1341\/revisions\/"}],"predecessor-version":[{"id":1353,"href":"https:\/\/kims.com.ar\/pt-br\/wp-json\/wp\/v2\/pages\/1341\/revisions\/1353\/"}],"wp:attachment":[{"href":"https:\/\/kims.com.ar\/pt-br\/wp-json\/wp\/v2\/media\/?parent=1341"}],"curies":[{"name":"wp","href":"https:\/\/api.w.org\/{rel}","templated":true}]}}